{"id":8,"date":"2025-12-18T22:55:57","date_gmt":"2025-12-18T21:55:57","guid":{"rendered":"https:\/\/vorticelab.com\/tienda\/carrito\/"},"modified":"2025-12-18T23:26:10","modified_gmt":"2025-12-18T22:26:10","slug":"carrito","status":"publish","type":"page","link":"https:\/\/vorticelab.com\/tienda\/carrito\/","title":{"rendered":"Carrito"},"content":{"rendered":"\n<div data-block-name=\"woocommerce\/cart\" class=\"wp-block-woocommerce-cart alignwide is-loading\">\n<div data-block-name=\"woocommerce\/filled-cart-block\" class=\"wp-block-woocommerce-filled-cart-block\">\n<div data-block-name=\"woocommerce\/cart-items-block\" class=\"wp-block-woocommerce-cart-items-block\">\n<div data-block-name=\"woocommerce\/cart-line-items-block\" class=\"wp-block-woocommerce-cart-line-items-block\"><\/div>\n\n\n<\/div>\n\n\n\n\n<div data-block-name=\"woocommerce\/cart-totals-block\" class=\"wp-block-woocommerce-cart-totals-block\">\n<div data-block-name=\"woocommerce\/cart-order-summary-block\" class=\"wp-block-woocommerce-cart-order-summary-block\">\n<div data-block-name=\"woocommerce\/cart-order-summary-heading-block\" class=\"wp-block-woocommerce-cart-order-summary-heading-block\"><\/div><div data-block-name=\"woocommerce\/cart-order-summary-coupon-form-block\" class=\"wp-block-woocommerce-cart-order-summary-coupon-form-block\"><\/div><div data-block-name=\"woocommerce\/cart-order-summary-totals-block\" class=\"wp-block-woocommerce-cart-order-summary-totals-block\">\n<div data-block-name=\"woocommerce\/cart-order-summary-subtotal-block\" class=\"wp-block-woocommerce-cart-order-summary-subtotal-block\"><\/div>\n<div data-block-name=\"woocommerce\/cart-order-summary-discount-block\" class=\"wp-block-woocommerce-cart-order-summary-discount-block\"><\/div>\n<div data-block-name=\"woocommerce\/cart-order-summary-fee-block\" class=\"wp-block-woocommerce-cart-order-summary-fee-block\"><\/div>\n<div data-block-name=\"woocommerce\/cart-order-summary-shipping-block\" class=\"wp-block-woocommerce-cart-order-summary-shipping-block\"><\/div>\n<div data-block-name=\"woocommerce\/cart-order-summary-taxes-block\" class=\"wp-block-woocommerce-cart-order-summary-taxes-block\"><\/div><\/div>\n<\/div>\n\n\n\n<div data-block-name=\"woocommerce\/cart-express-payment-block\" class=\"wp-block-woocommerce-cart-express-payment-block\"><\/div>\n\n\n\n<div data-block-name=\"woocommerce\/proceed-to-checkout-block\" class=\"wp-block-woocommerce-proceed-to-checkout-block\"><\/div>\n\n\n\n<div data-block-name=\"woocommerce\/cart-accepted-payment-methods-block\" class=\"wp-block-woocommerce-cart-accepted-payment-methods-block\"><\/div>\n<\/div>\n<\/div>\n\n\n\n<div data-block-name=\"woocommerce\/empty-cart-block\" class=\"wp-block-woocommerce-empty-cart-block\">\n<h2 class=\"wp-block-heading has-text-align-center with-empty-cart-icon wc-block-cart__empty-cart__title\">\u00a1Tu carrito est\u00e1 actualmente vac\u00edo!<\/h2>\n\n\n\n<hr class=\"wp-block-separator has-alpha-channel-opacity is-style-dots\"\/>\n\n\n\n<h2 class=\"wp-block-heading has-text-align-center\">Nuevo en la tienda<\/h2>\n\n\n<div data-block-name=\"woocommerce\/product-new\" data-columns=\"4\" data-rows=\"1\" class=\"wc-block-grid wp-block-product-new wp-block-woocommerce-product-new wc-block-product-new has-4-columns\"><ul class=\"wc-block-grid__products\"><li class=\"wc-block-grid__product\">\n\t\t\t\t<a href=\"https:\/\/vorticelab.com\/tienda\/producto\/soporte-informatico-nivel-2-gestion-avanzada-remoto\/\" class=\"wc-block-grid__product-link\">\n\t\t\t\t\t\n\t\t\t\t\t<div class=\"wc-block-grid__product-image\"><img fetchpriority=\"high\" decoding=\"async\" width=\"300\" height=\"300\" src=\"https:\/\/vorticelab.com\/tienda\/wp-content\/uploads\/2025\/12\/soporte-informatico-nivel-2-300x300.webp\" class=\"attachment-woocommerce_thumbnail size-woocommerce_thumbnail\" alt=\"Soporte inform\u00e1tico Nivel 2 de Vortice Lab para gesti\u00f3n avanzada y administraci\u00f3n remota de software\" srcset=\"https:\/\/vorticelab.com\/tienda\/wp-content\/uploads\/2025\/12\/soporte-informatico-nivel-2-300x300.webp 300w, https:\/\/vorticelab.com\/tienda\/wp-content\/uploads\/2025\/12\/soporte-informatico-nivel-2-150x150.webp 150w, https:\/\/vorticelab.com\/tienda\/wp-content\/uploads\/2025\/12\/soporte-informatico-nivel-2-100x100.webp 100w\" sizes=\"(max-width: 300px) 100vw, 300px\" \/><\/div>\n\t\t\t\t\t<div class=\"wc-block-grid__product-title\">Soporte inform\u00e1tico Nivel 2 \u2013 Gesti\u00f3n avanzada de software (remoto)<\/div>\n\t\t\t\t<\/a>\n\t\t\t\t<div class=\"wc-block-grid__product-price price\"><span class=\"woocommerce-Price-amount amount\"><span class=\"woocommerce-Price-currencySymbol\">$<\/span>&nbsp;250.000<\/span><\/div>\n\t\t\t\t\n\t\t\t\t<div class=\"wp-block-button wc-block-grid__product-add-to-cart\"><a href=\"\/tienda\/wp-json\/wp\/v2\/pages\/8?add-to-cart=63\" aria-label=\"A\u00f1adir al carrito: &ldquo;Soporte inform\u00e1tico Nivel 2 \u2013 Gesti\u00f3n avanzada de software (remoto)&rdquo;\" data-quantity=\"1\" data-product_id=\"63\" data-product_sku=\"\" data-price=\"250000\" rel=\"nofollow\" class=\"wp-block-button__link  add_to_cart_button ajax_add_to_cart\">A\u00f1adir al carrito<\/a><\/div>\n\t\t\t<\/li><li class=\"wc-block-grid__product\">\n\t\t\t\t<a href=\"https:\/\/vorticelab.com\/tienda\/producto\/soporte-informatico-nivel-1-instalacion-software-remoto\/\" class=\"wc-block-grid__product-link\">\n\t\t\t\t\t\n\t\t\t\t\t<div class=\"wc-block-grid__product-image\"><img decoding=\"async\" width=\"300\" height=\"300\" src=\"https:\/\/vorticelab.com\/tienda\/wp-content\/uploads\/2025\/12\/soporte-informatico-nivel-1-300x300.webp\" class=\"attachment-woocommerce_thumbnail size-woocommerce_thumbnail\" alt=\"Soporte inform\u00e1tico Nivel 1 de Vortice Lab para instalaci\u00f3n remota de software en equipos de empresa\" srcset=\"https:\/\/vorticelab.com\/tienda\/wp-content\/uploads\/2025\/12\/soporte-informatico-nivel-1-300x300.webp 300w, https:\/\/vorticelab.com\/tienda\/wp-content\/uploads\/2025\/12\/soporte-informatico-nivel-1-150x150.webp 150w, https:\/\/vorticelab.com\/tienda\/wp-content\/uploads\/2025\/12\/soporte-informatico-nivel-1-100x100.webp 100w\" sizes=\"(max-width: 300px) 100vw, 300px\" \/><\/div>\n\t\t\t\t\t<div class=\"wc-block-grid__product-title\">Soporte inform\u00e1tico Nivel 1 \u2013 Instalaci\u00f3n y puesta en marcha de software (remoto)<\/div>\n\t\t\t\t<\/a>\n\t\t\t\t<div class=\"wc-block-grid__product-price price\"><span class=\"woocommerce-Price-amount amount\"><span class=\"woocommerce-Price-currencySymbol\">$<\/span>&nbsp;160.000<\/span><\/div>\n\t\t\t\t\n\t\t\t\t<div class=\"wp-block-button wc-block-grid__product-add-to-cart\"><a href=\"\/tienda\/wp-json\/wp\/v2\/pages\/8?add-to-cart=62\" aria-label=\"A\u00f1adir al carrito: &ldquo;Soporte inform\u00e1tico Nivel 1 \u2013 Instalaci\u00f3n y puesta en marcha de software (remoto)&rdquo;\" data-quantity=\"1\" data-product_id=\"62\" data-product_sku=\"\" data-price=\"160000\" rel=\"nofollow\" class=\"wp-block-button__link  add_to_cart_button ajax_add_to_cart\">A\u00f1adir al carrito<\/a><\/div>\n\t\t\t<\/li><\/ul><\/div><\/div>\n<\/div>\n","protected":false},"excerpt":{"rendered":"","protected":false},"author":1,"featured_media":0,"parent":0,"menu_order":0,"comment_status":"closed","ping_status":"closed","template":"","meta":{"footnotes":""},"class_list":["post-8","page","type-page","status-publish","hentry"],"_links":{"self":[{"href":"https:\/\/vorticelab.com\/tienda\/wp-json\/wp\/v2\/pages\/8","targetHints":{"allow":["GET"]}}],"collection":[{"href":"https:\/\/vorticelab.com\/tienda\/wp-json\/wp\/v2\/pages"}],"about":[{"href":"https:\/\/vorticelab.com\/tienda\/wp-json\/wp\/v2\/types\/page"}],"author":[{"embeddable":true,"href":"https:\/\/vorticelab.com\/tienda\/wp-json\/wp\/v2\/users\/1"}],"replies":[{"embeddable":true,"href":"https:\/\/vorticelab.com\/tienda\/wp-json\/wp\/v2\/comments?post=8"}],"version-history":[{"count":1,"href":"https:\/\/vorticelab.com\/tienda\/wp-json\/wp\/v2\/pages\/8\/revisions"}],"predecessor-version":[{"id":60,"href":"https:\/\/vorticelab.com\/tienda\/wp-json\/wp\/v2\/pages\/8\/revisions\/60"}],"wp:attachment":[{"href":"https:\/\/vorticelab.com\/tienda\/wp-json\/wp\/v2\/media?parent=8"}],"curies":[{"name":"wp","href":"https:\/\/api.w.org\/{rel}","templated":true}]}}